{"id":350,"date":"2017-01-24T11:03:53","date_gmt":"2017-01-24T11:03:53","guid":{"rendered":"https:\/\/raratheme.com\/preview\/education-zone\/?page_id=350"},"modified":"2023-05-15T16:35:59","modified_gmt":"2023-05-15T16:35:59","slug":"why-choose-us","status":"publish","type":"page","link":"https:\/\/meydanakademi.com.tr\/?page_id=350","title":{"rendered":"Ba\u015fl\u0131ca hizmetlerimiz"},"content":{"rendered":"<p>Alan\u0131nda uzman ve tecr\u00fcbeli kadromuz ile \u015firketinizin de\u011fer ve ilkeleri do\u011frultusunda \u00f6nceliklerinizi i\u00e7selle\u015ftirerek hizmet vererek, kurum d\u0131\u015f\u0131ndan de\u011fil \u00e7ekirde\u011finden de\u011fi\u015fimi \/ geli\u015fimi ba\u015flat\u0131yoruz.<\/p>\n\n\n<p><\/p>\n","protected":false},"excerpt":{"rendered":"<p>Alan\u0131nda uzman ve tecr\u00fcbeli kadromuz ile \u015firketinizin de\u011fer ve ilkeleri do\u011frultusunda \u00f6nceliklerinizi i\u00e7selle\u015ftirerek hizmet vererek, kurum d\u0131\u015f\u0131ndan de\u011fil \u00e7ekirde\u011finden de\u011fi\u015fimi &hellip; <\/p>\n","protected":false},"author":1,"featured_media":0,"parent":0,"menu_order":0,"comment_status":"closed","ping_status":"closed","template":"","meta":{"footnotes":""},"class_list":["post-350","page","type-page","status-publish","hentry"],"_links":{"self":[{"href":"https:\/\/meydanakademi.com.tr\/index.php?rest_route=\/wp\/v2\/pages\/350","targetHints":{"allow":["GET"]}}],"collection":[{"href":"https:\/\/meydanakademi.com.tr\/index.php?rest_route=\/wp\/v2\/pages"}],"about":[{"href":"https:\/\/meydanakademi.com.tr\/index.php?rest_route=\/wp\/v2\/types\/page"}],"author":[{"embeddable":true,"href":"https:\/\/meydanakademi.com.tr\/index.php?rest_route=\/wp\/v2\/users\/1"}],"replies":[{"embeddable":true,"href":"https:\/\/meydanakademi.com.tr\/index.php?rest_route=%2Fwp%2Fv2%2Fcomments&post=350"}],"version-history":[{"count":6,"href":"https:\/\/meydanakademi.com.tr\/index.php?rest_route=\/wp\/v2\/pages\/350\/revisions"}],"predecessor-version":[{"id":593,"href":"https:\/\/meydanakademi.com.tr\/index.php?rest_route=\/wp\/v2\/pages\/350\/revisions\/593"}],"wp:attachment":[{"href":"https:\/\/meydanakademi.com.tr\/index.php?rest_route=%2Fwp%2Fv2%2Fmedia&parent=350"}],"curies":[{"name":"wp","href":"https:\/\/api.w.org\/{rel}","templated":true}]}}