{"id":5,"date":"2023-03-27T23:24:50","date_gmt":"2023-03-27T23:24:50","guid":{"rendered":"https:\/\/meydanakademi.com.tr\/?page_id=5"},"modified":"2023-06-04T10:56:20","modified_gmt":"2023-06-04T07:56:20","slug":"hakkimizda","status":"publish","type":"page","link":"https:\/\/meydanakademi.com.tr\/?page_id=5","title":{"rendered":"Hakk\u0131m\u0131zda"},"content":{"rendered":"\n<p>Meydan Akademi &#8211; G\u00fcven Meydan\u0131 Yusuf MEYDAN taraf\u0131ndan kurulmu\u015f bir e\u011fitim ve dan\u0131\u015fmanl\u0131k platformu olup 20 y\u0131l\u0131 a\u015fan Y\u00f6netim Sistemleri tecr\u00fcbesini e\u011fitim, denetim ve dan\u0131\u015fmanl\u0131k faaliyetleri ile sekt\u00f6re sunmaktad\u0131r.  Kalite (ISO 9001), \u00c7evre (ISO 14001), \u0130\u015f Sa\u011fl\u0131\u011f\u0131 ve G\u00fcvenli\u011fi (ISO 45001), Enerji (ISO 50001) ve Sosyal Sorumluluk (SA 8000) standartlar\u0131 ile ilgili kurulum, denetim ve belgelendirme konusunda \u00e7al\u0131\u015fmalar\u0131n\u0131za destek olmak, mevcut \u00e7al\u0131\u015fmalar\u0131n\u0131za yeni bir bak\u0131\u015f a\u00e7\u0131s\u0131 kazand\u0131rmak, anketlerle beklentilerinizi, i\u015fletmenize y\u00f6nelik \u00fcr\u00fcn, marka, itibar, m\u00fc\u015fteri memnuniyeti ve pazar pay\u0131 ara\u015ft\u0131rmalar\u0131n\u0131 yapman\u0131n yan\u0131 s\u0131ra, genel olarak toplumun, al\u0131\u015fveri\u015f, tasarruf, t\u00fcketim, tatil, e\u011flence ve spor al\u0131\u015fkanl\u0131klar\u0131n\u0131 da analiz edip de\u011ferlendirmek amac\u0131yla sizlerle tan\u0131\u015fmak istiyoruz.  <\/p>\n","protected":false},"excerpt":{"rendered":"<p>Meydan Akademi &#8211; G\u00fcven Meydan\u0131 Yusuf MEYDAN taraf\u0131ndan kurulmu\u015f bir e\u011fitim ve dan\u0131\u015fmanl\u0131k platformu olup 20 y\u0131l\u0131 a\u015fan Y\u00f6netim Sistemleri &hellip; <\/p>\n","protected":false},"author":1,"featured_media":0,"parent":0,"menu_order":0,"comment_status":"closed","ping_status":"closed","template":"","meta":{"footnotes":""},"class_list":["post-5","page","type-page","status-publish","hentry"],"_links":{"self":[{"href":"https:\/\/meydanakademi.com.tr\/index.php?rest_route=\/wp\/v2\/pages\/5","targetHints":{"allow":["GET"]}}],"collection":[{"href":"https:\/\/meydanakademi.com.tr\/index.php?rest_route=\/wp\/v2\/pages"}],"about":[{"href":"https:\/\/meydanakademi.com.tr\/index.php?rest_route=\/wp\/v2\/types\/page"}],"author":[{"embeddable":true,"href":"https:\/\/meydanakademi.com.tr\/index.php?rest_route=\/wp\/v2\/users\/1"}],"replies":[{"embeddable":true,"href":"https:\/\/meydanakademi.com.tr\/index.php?rest_route=%2Fwp%2Fv2%2Fcomments&post=5"}],"version-history":[{"count":7,"href":"https:\/\/meydanakademi.com.tr\/index.php?rest_route=\/wp\/v2\/pages\/5\/revisions"}],"predecessor-version":[{"id":1121,"href":"https:\/\/meydanakademi.com.tr\/index.php?rest_route=\/wp\/v2\/pages\/5\/revisions\/1121"}],"wp:attachment":[{"href":"https:\/\/meydanakademi.com.tr\/index.php?rest_route=%2Fwp%2Fv2%2Fmedia&parent=5"}],"curies":[{"name":"wp","href":"https:\/\/api.w.org\/{rel}","templated":true}]}}