{"id":938,"date":"2023-06-01T10:38:40","date_gmt":"2023-06-01T07:38:40","guid":{"rendered":"https:\/\/meydanakademi.com.tr\/?page_id=938"},"modified":"2023-06-04T01:13:00","modified_gmt":"2023-06-03T22:13:00","slug":"egitim-meydani2","status":"publish","type":"page","link":"https:\/\/meydanakademi.com.tr\/?page_id=938","title":{"rendered":"E\u011fitim Meydan\u0131"},"content":{"rendered":"\t\t<div data-elementor-type=\"wp-page\" data-elementor-id=\"938\" class=\"elementor elementor-938\">\n\t\t\t\t\t\t<section class=\"elementor-section elementor-top-section elementor-element elementor-element-9ce518f elementor-section-boxed elementor-section-height-default elementor-section-height-default\" data-id=\"9ce518f\" data-element_type=\"section\" data-e-type=\"section\">\n\t\t\t\t\t\t<div class=\"elementor-container elementor-column-gap-default\">\n\t\t\t\t\t<div class=\"elementor-column elementor-col-25 elementor-top-column elementor-element elementor-element-735ef3a\" data-id=\"735ef3a\" data-element_type=\"column\" data-e-type=\"column\">\n\t\t\t<div class=\"elementor-widget-wrap elementor-element-populated\">\n\t\t\t\t\t\t<div class=\"elementor-element elementor-element-46b726b elementor-position-top elementor-widget elementor-widget-image-box\" data-id=\"46b726b\" data-element_type=\"widget\" data-e-type=\"widget\" data-widget_type=\"image-box.default\">\n\t\t\t\t<div class=\"elementor-widget-container\">\n\t\t\t\t\t<div class=\"elementor-image-box-wrapper\"><figure class=\"elementor-image-box-img\"><a href=\"https:\/\/meydanakademi.com.tr\/?p=624\" tabindex=\"-1\"><img decoding=\"async\" src=\"https:\/\/meydanakademi.com.tr\/wp-content\/uploads\/2023\/05\/91445-logo.png\" title=\"\" alt=\"\" loading=\"lazy\" \/><\/a><\/figure><div class=\"elementor-image-box-content\"><h3 class=\"elementor-image-box-title\"><a href=\"https:\/\/meydanakademi.com.tr\/?p=624\">Y\u00f6netim Sistemi (ISO) Standart E\u011fitimleri<\/a><\/h3><\/div><\/div>\t\t\t\t<\/div>\n\t\t\t\t<\/div>\n\t\t\t\t\t<\/div>\n\t\t<\/div>\n\t\t\t\t<div class=\"elementor-column elementor-col-25 elementor-top-column elementor-element elementor-element-ab304c8\" data-id=\"ab304c8\" data-element_type=\"column\" data-e-type=\"column\">\n\t\t\t<div class=\"elementor-widget-wrap elementor-element-populated\">\n\t\t\t\t\t\t<div class=\"elementor-element elementor-element-f9e1ee5 elementor-position-top elementor-widget elementor-widget-image-box\" data-id=\"f9e1ee5\" data-element_type=\"widget\" data-e-type=\"widget\" data-widget_type=\"image-box.default\">\n\t\t\t\t<div class=\"elementor-widget-container\">\n\t\t\t\t\t<div class=\"elementor-image-box-wrapper\"><figure class=\"elementor-image-box-img\"><a href=\"https:\/\/meydanakademi.com.tr\/?p=722\" tabindex=\"-1\"><img fetchpriority=\"high\" decoding=\"async\" width=\"619\" height=\"932\" src=\"https:\/\/meydanakademi.com.tr\/wp-content\/uploads\/2023\/05\/image.png\" class=\"attachment-full size-full wp-image-772\" alt=\"\" srcset=\"https:\/\/meydanakademi.com.tr\/wp-content\/uploads\/2023\/05\/image.png 619w, https:\/\/meydanakademi.com.tr\/wp-content\/uploads\/2023\/05\/image-199x300.png 199w\" sizes=\"(max-width: 619px) 100vw, 619px\" \/><\/a><\/figure><div class=\"elementor-image-box-content\"><h3 class=\"elementor-image-box-title\"><a href=\"https:\/\/meydanakademi.com.tr\/?p=722\">SA 8000 Sosyal Sorumluluk Standard\u0131 Bilgilendirme E\u011fitimi<\/a><\/h3><\/div><\/div>\t\t\t\t<\/div>\n\t\t\t\t<\/div>\n\t\t\t\t\t<\/div>\n\t\t<\/div>\n\t\t\t\t<div class=\"elementor-column elementor-col-25 elementor-top-column elementor-element elementor-element-886723d\" data-id=\"886723d\" data-element_type=\"column\" data-e-type=\"column\">\n\t\t\t<div class=\"elementor-widget-wrap elementor-element-populated\">\n\t\t\t\t\t\t<div class=\"elementor-element elementor-element-b66d6ef elementor-position-top elementor-widget elementor-widget-image-box\" data-id=\"b66d6ef\" data-element_type=\"widget\" data-e-type=\"widget\" data-widget_type=\"image-box.default\">\n\t\t\t\t<div class=\"elementor-widget-container\">\n\t\t\t\t\t<div class=\"elementor-image-box-wrapper\"><figure class=\"elementor-image-box-img\"><a href=\"https:\/\/meydanakademi.com.tr\/?p=671\" tabindex=\"-1\"><img decoding=\"async\" width=\"540\" height=\"540\" src=\"https:\/\/meydanakademi.com.tr\/wp-content\/uploads\/2016\/11\/etkin-planlama.jpg\" class=\"attachment-full size-full wp-image-893\" alt=\"\" srcset=\"https:\/\/meydanakademi.com.tr\/wp-content\/uploads\/2016\/11\/etkin-planlama.jpg 540w, https:\/\/meydanakademi.com.tr\/wp-content\/uploads\/2016\/11\/etkin-planlama-300x300.jpg 300w, https:\/\/meydanakademi.com.tr\/wp-content\/uploads\/2016\/11\/etkin-planlama-150x150.jpg 150w, https:\/\/meydanakademi.com.tr\/wp-content\/uploads\/2016\/11\/etkin-planlama-70x70.jpg 70w, https:\/\/meydanakademi.com.tr\/wp-content\/uploads\/2016\/11\/etkin-planlama-246x246.jpg 246w, https:\/\/meydanakademi.com.tr\/wp-content\/uploads\/2016\/11\/etkin-planlama-276x276.jpg 276w, https:\/\/meydanakademi.com.tr\/wp-content\/uploads\/2016\/11\/etkin-planlama-125x125.jpg 125w\" sizes=\"(max-width: 540px) 100vw, 540px\" \/><\/a><\/figure><div class=\"elementor-image-box-content\"><h3 class=\"elementor-image-box-title\"><a href=\"https:\/\/meydanakademi.com.tr\/?p=671\">Y\u00f6netim Sistemleri \u0130\u00e7 Tetkik\u00e7i E\u011fitimleri<\/a><\/h3><\/div><\/div>\t\t\t\t<\/div>\n\t\t\t\t<\/div>\n\t\t\t\t\t<\/div>\n\t\t<\/div>\n\t\t\t\t<div class=\"elementor-column elementor-col-25 elementor-top-column elementor-element elementor-element-ebc5f6b\" data-id=\"ebc5f6b\" data-element_type=\"column\" data-e-type=\"column\">\n\t\t\t<div class=\"elementor-widget-wrap elementor-element-populated\">\n\t\t\t\t\t\t<div class=\"elementor-element elementor-element-34c6515 elementor-position-top elementor-widget elementor-widget-image-box\" data-id=\"34c6515\" data-element_type=\"widget\" data-e-type=\"widget\" data-widget_type=\"image-box.default\">\n\t\t\t\t<div class=\"elementor-widget-container\">\n\t\t\t\t\t<div class=\"elementor-image-box-wrapper\"><figure class=\"elementor-image-box-img\"><a href=\"https:\/\/meydanakademi.com.tr\/?p=674\" tabindex=\"-1\"><img decoding=\"async\" width=\"292\" height=\"173\" src=\"https:\/\/meydanakademi.com.tr\/wp-content\/uploads\/2023\/06\/basdenetci.jpg\" class=\"attachment-full size-full wp-image-1112\" alt=\"\" \/><\/a><\/figure><div class=\"elementor-image-box-content\"><h3 class=\"elementor-image-box-title\"><a href=\"https:\/\/meydanakademi.com.tr\/?p=674\">Ba\u015fdenet\u00e7i E\u011fitimleri<\/a><\/h3><\/div><\/div>\t\t\t\t<\/div>\n\t\t\t\t<\/div>\n\t\t\t\t\t<\/div>\n\t\t<\/div>\n\t\t\t\t\t<\/div>\n\t\t<\/section>\n\t\t\t\t<\/div>\n\t\t","protected":false},"excerpt":{"rendered":"<p>Y\u00f6netim Sistemi (ISO) Standart E\u011fitimleri SA 8000 Sosyal Sorumluluk Standard\u0131 Bilgilendirme E\u011fitimi Y\u00f6netim Sistemleri \u0130\u00e7 Tetkik\u00e7i E\u011fitimleri Ba\u015fdenet\u00e7i E\u011fitimleri<\/p>\n","protected":false},"author":1,"featured_media":0,"parent":0,"menu_order":0,"comment_status":"closed","ping_status":"closed","template":"","meta":{"footnotes":""},"class_list":["post-938","page","type-page","status-publish","hentry"],"_links":{"self":[{"href":"https:\/\/meydanakademi.com.tr\/index.php?rest_route=\/wp\/v2\/pages\/938","targetHints":{"allow":["GET"]}}],"collection":[{"href":"https:\/\/meydanakademi.com.tr\/index.php?rest_route=\/wp\/v2\/pages"}],"about":[{"href":"https:\/\/meydanakademi.com.tr\/index.php?rest_route=\/wp\/v2\/types\/page"}],"author":[{"embeddable":true,"href":"https:\/\/meydanakademi.com.tr\/index.php?rest_route=\/wp\/v2\/users\/1"}],"replies":[{"embeddable":true,"href":"https:\/\/meydanakademi.com.tr\/index.php?rest_route=%2Fwp%2Fv2%2Fcomments&post=938"}],"version-history":[{"count":41,"href":"https:\/\/meydanakademi.com.tr\/index.php?rest_route=\/wp\/v2\/pages\/938\/revisions"}],"predecessor-version":[{"id":1118,"href":"https:\/\/meydanakademi.com.tr\/index.php?rest_route=\/wp\/v2\/pages\/938\/revisions\/1118"}],"wp:attachment":[{"href":"https:\/\/meydanakademi.com.tr\/index.php?rest_route=%2Fwp%2Fv2%2Fmedia&parent=938"}],"curies":[{"name":"wp","href":"https:\/\/api.w.org\/{rel}","templated":true}]}}