{"id":984,"date":"2023-06-01T12:02:28","date_gmt":"2023-06-01T09:02:28","guid":{"rendered":"https:\/\/meydanakademi.com.tr\/?page_id=984"},"modified":"2023-06-15T08:22:26","modified_gmt":"2023-06-15T05:22:26","slug":"danismanlik-meydani","status":"publish","type":"page","link":"https:\/\/meydanakademi.com.tr\/?page_id=984","title":{"rendered":"Dan\u0131\u015fmanl\u0131k Meydan\u0131"},"content":{"rendered":"\t\t<div data-elementor-type=\"wp-page\" data-elementor-id=\"984\" class=\"elementor elementor-984\">\n\t\t\t\t\t\t<section class=\"elementor-section elementor-top-section elementor-element elementor-element-b8fd547 elementor-section-boxed elementor-section-height-default elementor-section-height-default\" data-id=\"b8fd547\" data-element_type=\"section\" data-e-type=\"section\">\n\t\t\t\t\t\t<div class=\"elementor-container elementor-column-gap-default\">\n\t\t\t\t\t<div class=\"elementor-column elementor-col-50 elementor-top-column elementor-element elementor-element-287d3a9\" data-id=\"287d3a9\" data-element_type=\"column\" data-e-type=\"column\">\n\t\t\t<div class=\"elementor-widget-wrap elementor-element-populated\">\n\t\t\t\t\t\t<div class=\"elementor-element elementor-element-28486b3 elementor-position-top elementor-widget elementor-widget-image-box\" data-id=\"28486b3\" data-element_type=\"widget\" data-e-type=\"widget\" data-widget_type=\"image-box.default\">\n\t\t\t\t<div class=\"elementor-widget-container\">\n\t\t\t\t\t<div class=\"elementor-image-box-wrapper\"><figure class=\"elementor-image-box-img\"><a href=\"https:\/\/meydanakademi.com.tr\/?p=676\" tabindex=\"-1\"><img fetchpriority=\"high\" decoding=\"async\" width=\"266\" height=\"190\" src=\"https:\/\/meydanakademi.com.tr\/wp-content\/uploads\/2023\/06\/91445-logo.png\" class=\"attachment-full size-full wp-image-1135\" alt=\"\" \/><\/a><\/figure><div class=\"elementor-image-box-content\"><h3 class=\"elementor-image-box-title\"><a href=\"https:\/\/meydanakademi.com.tr\/?p=676\">Y\u00f6netim Sistemleri Dan\u0131\u015fmanl\u0131\u011f\u0131<\/a><\/h3><p class=\"elementor-image-box-description\">Y\u00f6netim Sistemi kurma \/ geli\u015ftirme \u00e7al\u0131\u015fmalar\u0131n\u0131zda MEYDAN AKADEM\u0130 \u2013 G\u00fcven Meydan\u0131 destek\u00e7iniz olacak.<\/p><\/div><\/div>\t\t\t\t<\/div>\n\t\t\t\t<\/div>\n\t\t\t\t\t<\/div>\n\t\t<\/div>\n\t\t\t\t<div class=\"elementor-column elementor-col-50 elementor-top-column elementor-element elementor-element-bdc2614\" data-id=\"bdc2614\" data-element_type=\"column\" data-e-type=\"column\">\n\t\t\t<div class=\"elementor-widget-wrap elementor-element-populated\">\n\t\t\t\t\t\t<div class=\"elementor-element elementor-element-8f7e778 elementor-position-top elementor-widget elementor-widget-image-box\" data-id=\"8f7e778\" data-element_type=\"widget\" data-e-type=\"widget\" data-widget_type=\"image-box.default\">\n\t\t\t\t<div class=\"elementor-widget-container\">\n\t\t\t\t\t<div class=\"elementor-image-box-wrapper\"><figure class=\"elementor-image-box-img\"><a href=\"https:\/\/meydanakademi.com.tr\/?p=289\" tabindex=\"-1\"><img decoding=\"async\" width=\"574\" height=\"324\" src=\"https:\/\/meydanakademi.com.tr\/wp-content\/uploads\/2023\/05\/ISG.jpg\" class=\"attachment-full size-full wp-image-590\" alt=\"\" srcset=\"https:\/\/meydanakademi.com.tr\/wp-content\/uploads\/2023\/05\/ISG.jpg 574w, https:\/\/meydanakademi.com.tr\/wp-content\/uploads\/2023\/05\/ISG-300x169.jpg 300w\" sizes=\"(max-width: 574px) 100vw, 574px\" \/><\/a><\/figure><div class=\"elementor-image-box-content\"><h3 class=\"elementor-image-box-title\"><a href=\"https:\/\/meydanakademi.com.tr\/?p=289\">\u0130\u015f Sa\u011fl\u0131\u011f\u0131 ve G\u00fcvenli\u011fi \u00e7al\u0131\u015fmalar\u0131<\/a><\/h3><p class=\"elementor-image-box-description\">\u0130\u015f G\u00fcvenli\u011fi tabelada kalmas\u0131n. \nRisk almay\u0131n, \u00d6nlem al\u0131n !<\/p><\/div><\/div>\t\t\t\t<\/div>\n\t\t\t\t<\/div>\n\t\t\t\t\t<\/div>\n\t\t<\/div>\n\t\t\t\t\t<\/div>\n\t\t<\/section>\n\t\t\t\t<\/div>\n\t\t","protected":false},"excerpt":{"rendered":"<p>Y\u00f6netim Sistemleri Dan\u0131\u015fmanl\u0131\u011f\u0131 Y\u00f6netim Sistemi kurma \/ geli\u015ftirme \u00e7al\u0131\u015fmalar\u0131n\u0131zda MEYDAN AKADEM\u0130 \u2013 G\u00fcven Meydan\u0131 destek\u00e7iniz olacak. \u0130\u015f Sa\u011fl\u0131\u011f\u0131 ve G\u00fcvenli\u011fi &hellip; <\/p>\n","protected":false},"author":1,"featured_media":0,"parent":0,"menu_order":0,"comment_status":"closed","ping_status":"closed","template":"","meta":{"footnotes":""},"class_list":["post-984","page","type-page","status-publish","hentry"],"_links":{"self":[{"href":"https:\/\/meydanakademi.com.tr\/index.php?rest_route=\/wp\/v2\/pages\/984","targetHints":{"allow":["GET"]}}],"collection":[{"href":"https:\/\/meydanakademi.com.tr\/index.php?rest_route=\/wp\/v2\/pages"}],"about":[{"href":"https:\/\/meydanakademi.com.tr\/index.php?rest_route=\/wp\/v2\/types\/page"}],"author":[{"embeddable":true,"href":"https:\/\/meydanakademi.com.tr\/index.php?rest_route=\/wp\/v2\/users\/1"}],"replies":[{"embeddable":true,"href":"https:\/\/meydanakademi.com.tr\/index.php?rest_route=%2Fwp%2Fv2%2Fcomments&post=984"}],"version-history":[{"count":13,"href":"https:\/\/meydanakademi.com.tr\/index.php?rest_route=\/wp\/v2\/pages\/984\/revisions"}],"predecessor-version":[{"id":1190,"href":"https:\/\/meydanakademi.com.tr\/index.php?rest_route=\/wp\/v2\/pages\/984\/revisions\/1190"}],"wp:attachment":[{"href":"https:\/\/meydanakademi.com.tr\/index.php?rest_route=%2Fwp%2Fv2%2Fmedia&parent=984"}],"curies":[{"name":"wp","href":"https:\/\/api.w.org\/{rel}","templated":true}]}}